{"id":192,"date":"2023-04-08T02:28:37","date_gmt":"2023-04-08T02:28:37","guid":{"rendered":"https:\/\/metaleutectic.com\/?page_id=192"},"modified":"2023-07-09T02:19:11","modified_gmt":"2023-07-09T02:19:11","slug":"legal","status":"publish","type":"page","link":"https:\/\/metaleutectic.com\/en\/legal\/","title":{"rendered":"Legal"},"content":{"rendered":"<p>[et_pb_section fb_built=&#8221;1&#8243; _builder_version=&#8221;4.20.2&#8243; _module_preset=&#8221;default&#8221; custom_margin=&#8221;0px||0px||false|false&#8221; custom_padding=&#8221;0px||0px||false|false&#8221; global_colors_info=&#8221;{}&#8221;][et_pb_row use_custom_gutter=&#8221;on&#8221; gutter_width=&#8221;1&#8243; _builder_version=&#8221;4.20.2&#8243; _module_preset=&#8221;default&#8221; width=&#8221;100%&#8221; max_width=&#8221;100%&#8221; min_height=&#8221;398px&#8221; height=&#8221;448px&#8221; max_height=&#8221;398px&#8221; custom_padding=&#8221;0px||||false|false&#8221; global_colors_info=&#8221;{}&#8221;][et_pb_column type=&#8221;4_4&#8243; _builder_version=&#8221;4.20.2&#8243; _module_preset=&#8221;default&#8221; global_colors_info=&#8221;{}&#8221;][et_pb_slider _builder_version=&#8221;4.20.2&#8243; _module_preset=&#8221;default&#8221; custom_padding=&#8221;179px||171px|||&#8221; global_colors_info=&#8221;{}&#8221;][et_pb_slide heading=&#8221;LEGAL&#8221; use_bg_overlay=&#8221;on&#8221; bg_overlay_color=&#8221;rgba(0,0,0,0.51)&#8221; _builder_version=&#8221;4.20.2&#8243; _module_preset=&#8221;default&#8221; background_enable_color=&#8221;off&#8221; background_image=&#8221;https:\/\/metaleutectic.com\/wp-content\/uploads\/2023\/04\/Metal-Eutectic-Banner_02.png&#8221; background_enable_image=&#8221;on&#8221; global_colors_info=&#8221;{}&#8221; sticky_transition=&#8221;on&#8221;][\/et_pb_slide][\/et_pb_slider][\/et_pb_column][\/et_pb_row][\/et_pb_section][et_pb_section fb_built=&#8221;1&#8243; _builder_version=&#8221;4.20.2&#8243; _module_preset=&#8221;default&#8221; custom_padding=&#8221;100px||||false|false&#8221; global_colors_info=&#8221;{}&#8221;][et_pb_row column_structure=&#8221;3_5,2_5&#8243; _builder_version=&#8221;4.20.2&#8243; _module_preset=&#8221;default&#8221; custom_padding=&#8221;0px||||false|false&#8221; global_colors_info=&#8221;{}&#8221;][et_pb_column type=&#8221;3_5&#8243; _builder_version=&#8221;4.20.2&#8243; _module_preset=&#8221;default&#8221; global_colors_info=&#8221;{}&#8221;][et_pb_accordion open_toggle_text_color=&#8221;#0C71C3&#8243; toggle_icon=&#8221;&#x47;||divi||400&#8243; _builder_version=&#8221;4.20.2&#8243; _module_preset=&#8221;default&#8221; toggle_level=&#8221;h3&#8243; toggle_font=&#8221;|700|||||||&#8221; custom_margin=&#8221;||||false|false&#8221; custom_padding=&#8221;||||false|false&#8221; border_radii=&#8221;on|20px|20px|20px|20px&#8221; global_colors_info=&#8221;{}&#8221;][et_pb_accordion_item title=&#8221;C\u00f3digo de \u00e9tica&#8221; open=&#8221;on&#8221; _builder_version=&#8221;4.20.2&#8243; _module_preset=&#8221;default&#8221; link_option_url=&#8221;https:\/\/metaleutectic.com\/files\/Codigo.de.Etica.pdf&#8221; global_colors_info=&#8221;{}&#8221;][\/et_pb_accordion_item][et_pb_accordion_item title=&#8221;C\u00f3digo de conducta&#8221; _builder_version=&#8221;4.20.2&#8243; _module_preset=&#8221;default&#8221; link_option_url=&#8221;https:\/\/metaleutectic.com\/files\/Codigo.de.Conducta.pdf&#8221; global_colors_info=&#8221;{}&#8221; open=&#8221;off&#8221;][\/et_pb_accordion_item][et_pb_accordion_item title=&#8221;Aviso de privacidad&#8221; _builder_version=&#8221;4.20.2&#8243; _module_preset=&#8221;default&#8221; link_option_url=&#8221;https:\/\/metaleutectic.com\/files\/Aviso.de.Privacidad.pdf&#8221; global_colors_info=&#8221;{}&#8221; open=&#8221;off&#8221;][\/et_pb_accordion_item][et_pb_accordion_item title=&#8221;T\u00e9rminos de ventas&#8221; _builder_version=&#8221;4.20.2&#8243; _module_preset=&#8221;default&#8221; link_option_url=&#8221;https:\/\/metaleutectic.com\/files\/Terminos.y.Condiciones.de.Venta.pdf&#8221; global_colors_info=&#8221;{}&#8221; open=&#8221;off&#8221;][\/et_pb_accordion_item][\/et_pb_accordion][\/et_pb_column][et_pb_column type=&#8221;2_5&#8243; _builder_version=&#8221;4.20.2&#8243; _module_preset=&#8221;default&#8221; global_colors_info=&#8221;{}&#8221;][et_pb_image src=&#8221;https:\/\/metaleutectic.com\/wp-content\/uploads\/2023\/04\/Logo-Metal-Eutectic.png&#8221; title_text=&#8221;Logo Metal Eutectic&#8221; align=&#8221;center&#8221; _builder_version=&#8221;4.20.2&#8243; _module_preset=&#8221;default&#8221; width=&#8221;100px&#8221; max_width=&#8221;100px&#8221; module_alignment=&#8221;center&#8221; min_height=&#8221;100px&#8221; height=&#8221;100px&#8221; max_height=&#8221;100px&#8221; global_colors_info=&#8221;{}&#8221; disabled_on=&#8221;on|on|off&#8221;][\/et_pb_image][et_pb_blurb title=&#8221;Tel\u00e9fonos&#8221; use_icon=&#8221;on&#8221; font_icon=&#8221;&#xf879;||fa||900&#8243; icon_color=&#8221;#FFFFFF&#8221; icon_placement=&#8221;left&#8221; _builder_version=&#8221;4.20.2&#8243; _module_preset=&#8221;default&#8221; header_text_color=&#8221;#FFFFFF&#8221; header_font_size=&#8221;33px&#8221; body_text_color=&#8221;#FFFFFF&#8221; body_font_size=&#8221;23px&#8221; background_color=&#8221;#072655&#8243; custom_padding=&#8221;30px|30px|30px|30px|false|false&#8221; border_radii=&#8221;on|20px|20px|20px|20px&#8221; global_colors_info=&#8221;{}&#8221; disabled_on=&#8221;on|on|off&#8221;]<span style=\"font-weight: 400;\"><\/span><\/p>\n<p><span style=\"font-weight: 400;\"><a class=\"tres\" href=\"tel:(614)202010300\">(614) 201 0300<\/a>\u00a0<\/span><\/p>\n<p><a class=\"tres\" href=\"tel:(614)202010498\"><span style=\"font-weight: 400;\">(614) 201 0498<\/span><\/a><\/p>\n<p><a class=\"tres\" href=\"tel:(614)204351780\"><span style=\"font-weight: 400;\">(614) 435 1780<\/span><\/a>[\/et_pb_blurb][et_pb_blurb title=&#8221;\u00c1rea de contrataci\u00f3n&#8221; use_icon=&#8221;on&#8221; font_icon=&#8221;&#xf007;||fa||900&#8243; icon_color=&#8221;#0C71C3&#8243; icon_placement=&#8221;left&#8221; _builder_version=&#8221;4.20.2&#8243; _module_preset=&#8221;default&#8221; custom_padding=&#8221;|||30px|false|false&#8221; global_colors_info=&#8221;{}&#8221; disabled_on=&#8221;on|on|off&#8221;]<span style=\"font-weight: 400;\">Tel \/ Whatsapp: <a  href=\"https:\/\/wa.me\/+526145992096\">(614) 599 2096<\/a><\/span><\/p>\n<p><span style=\"font-weight: 400;\">E-mail<br \/>\n<a  href=\"mailto:contrataciones@metaleutectic.com\">contrataciones@metaleutectic.com<\/a><\/span>[\/et_pb_blurb][et_pb_blurb title=&#8221;\u00c1rea de compras&#8221; use_icon=&#8221;on&#8221; font_icon=&#8221;&#xf2b5;||fa||400&#8243; icon_color=&#8221;#0C71C3&#8243; icon_placement=&#8221;left&#8221; _builder_version=&#8221;4.20.2&#8243; _module_preset=&#8221;default&#8221; custom_padding=&#8221;|||30px|false|false&#8221; global_colors_info=&#8221;{}&#8221; disabled_on=&#8221;on|on|off&#8221;]<span style=\"font-weight: 400;\">E-mail<br \/>\n<a  href=\"mailto:compras@metaleutectic.com\">compras@metaleutectic.com<\/a><\/span>[\/et_pb_blurb][et_pb_blurb title=&#8221;\u00c1rea de ventas&#8221; use_icon=&#8221;on&#8221; font_icon=&#8221;&#xf14a;||fa||900&#8243; icon_color=&#8221;#0C71C3&#8243; icon_placement=&#8221;left&#8221; _builder_version=&#8221;4.20.2&#8243; _module_preset=&#8221;default&#8221; custom_padding=&#8221;|||30px|false|false&#8221; global_colors_info=&#8221;{}&#8221; disabled_on=&#8221;on|on|off&#8221;]<span style=\"font-weight: 400;\">E-mail<br \/>\n<a href=\"mailto:ventas@metaleutectic.com\">ventas@metaleutectic.com<\/a><\/span>[\/et_pb_blurb][\/et_pb_column][\/et_pb_row][\/et_pb_section]<\/p>","protected":false},"excerpt":{"rendered":"<p>(614) 201 0300\u00a0 (614) 201 0498 (614) 435 1780Tel \/ Whatsapp: (614) 599 2096 Correo electr\u00f3nico: contrataciones@metaleutectic.comCorreo electr\u00f3nico: compras@metaleutectic.comCorreo electr\u00f3nico: ventas@metaleutectic.com<\/p>","protected":false},"author":1,"featured_media":0,"parent":0,"menu_order":0,"comment_status":"closed","ping_status":"closed","template":"","meta":{"_et_pb_use_builder":"on","_et_pb_old_content":"<!-- wp:divi\/placeholder \/-->","_et_gb_content_width":"","om_disable_all_campaigns":false,"_monsterinsights_skip_tracking":false,"_monsterinsights_sitenote_active":false,"_monsterinsights_sitenote_note":"","_monsterinsights_sitenote_category":0,"_joinchat":[],"footnotes":""},"class_list":["post-192","page","type-page","status-publish","hentry"],"yoast_head":"<!-- This site is optimized with the Yoast SEO plugin v27.4 - https:\/\/yoast.com\/product\/yoast-seo-wordpress\/ -->\n<title>Legal - Metal Eutectic<\/title>\n<meta name=\"robots\" content=\"index, follow, max-snippet:-1, max-image-preview:large, max-video-preview:-1\" \/>\n<link rel=\"canonical\" href=\"https:\/\/metaleutectic.com\/en\/legal\/\" \/>\n<meta property=\"og:locale\" content=\"en_US\" \/>\n<meta property=\"og:type\" content=\"article\" \/>\n<meta property=\"og:title\" content=\"Legal - Metal Eutectic\" \/>\n<meta property=\"og:description\" content=\"(614) 201 0300\u00a0 (614) 201 0498 (614) 435 1780Tel \/ Whatsapp: (614) 599 2096 Correo electr\u00f3nico: contrataciones@metaleutectic.comCorreo electr\u00f3nico: compras@metaleutectic.comCorreo electr\u00f3nico: ventas@metaleutectic.com\" \/>\n<meta property=\"og:url\" content=\"https:\/\/metaleutectic.com\/en\/legal\/\" \/>\n<meta property=\"og:site_name\" content=\"Metal Eutectic\" \/>\n<meta property=\"article:modified_time\" content=\"2023-07-09T02:19:11+00:00\" \/>\n<meta name=\"twitter:card\" content=\"summary_large_image\" \/>\n<script type=\"application\/ld+json\" class=\"yoast-schema-graph\">{\"@context\":\"https:\\\/\\\/schema.org\",\"@graph\":[{\"@type\":\"WebPage\",\"@id\":\"https:\\\/\\\/metaleutectic.com\\\/legal\\\/\",\"url\":\"https:\\\/\\\/metaleutectic.com\\\/legal\\\/\",\"name\":\"Legal - Metal Eutectic\",\"isPartOf\":{\"@id\":\"https:\\\/\\\/metaleutectic.com\\\/#website\"},\"datePublished\":\"2023-04-08T02:28:37+00:00\",\"dateModified\":\"2023-07-09T02:19:11+00:00\",\"breadcrumb\":{\"@id\":\"https:\\\/\\\/metaleutectic.com\\\/legal\\\/#breadcrumb\"},\"inLanguage\":\"en-US\",\"potentialAction\":[{\"@type\":\"ReadAction\",\"target\":[\"https:\\\/\\\/metaleutectic.com\\\/legal\\\/\"]}]},{\"@type\":\"BreadcrumbList\",\"@id\":\"https:\\\/\\\/metaleutectic.com\\\/legal\\\/#breadcrumb\",\"itemListElement\":[{\"@type\":\"ListItem\",\"position\":1,\"name\":\"Home\",\"item\":\"https:\\\/\\\/metaleutectic.com\\\/\"},{\"@type\":\"ListItem\",\"position\":2,\"name\":\"Legal\"}]},{\"@type\":\"WebSite\",\"@id\":\"https:\\\/\\\/metaleutectic.com\\\/#website\",\"url\":\"https:\\\/\\\/metaleutectic.com\\\/\",\"name\":\"Metal Eutectic\",\"description\":\"Metal Eutectic\",\"potentialAction\":[{\"@type\":\"SearchAction\",\"target\":{\"@type\":\"EntryPoint\",\"urlTemplate\":\"https:\\\/\\\/metaleutectic.com\\\/?s={search_term_string}\"},\"query-input\":{\"@type\":\"PropertyValueSpecification\",\"valueRequired\":true,\"valueName\":\"search_term_string\"}}],\"inLanguage\":\"en-US\"}]}<\/script>\n<!-- \/ Yoast SEO plugin. -->","yoast_head_json":{"title":"Legal - Metal Eutectic","robots":{"index":"index","follow":"follow","max-snippet":"max-snippet:-1","max-image-preview":"max-image-preview:large","max-video-preview":"max-video-preview:-1"},"canonical":"https:\/\/metaleutectic.com\/en\/legal\/","og_locale":"en_US","og_type":"article","og_title":"Legal - Metal Eutectic","og_description":"(614) 201 0300\u00a0 (614) 201 0498 (614) 435 1780Tel \/ Whatsapp: (614) 599 2096 Correo electr\u00f3nico: contrataciones@metaleutectic.comCorreo electr\u00f3nico: compras@metaleutectic.comCorreo electr\u00f3nico: ventas@metaleutectic.com","og_url":"https:\/\/metaleutectic.com\/en\/legal\/","og_site_name":"Metal Eutectic","article_modified_time":"2023-07-09T02:19:11+00:00","twitter_card":"summary_large_image","schema":{"@context":"https:\/\/schema.org","@graph":[{"@type":"WebPage","@id":"https:\/\/metaleutectic.com\/legal\/","url":"https:\/\/metaleutectic.com\/legal\/","name":"Legal - Metal Eutectic","isPartOf":{"@id":"https:\/\/metaleutectic.com\/#website"},"datePublished":"2023-04-08T02:28:37+00:00","dateModified":"2023-07-09T02:19:11+00:00","breadcrumb":{"@id":"https:\/\/metaleutectic.com\/legal\/#breadcrumb"},"inLanguage":"en-US","potentialAction":[{"@type":"ReadAction","target":["https:\/\/metaleutectic.com\/legal\/"]}]},{"@type":"BreadcrumbList","@id":"https:\/\/metaleutectic.com\/legal\/#breadcrumb","itemListElement":[{"@type":"ListItem","position":1,"name":"Home","item":"https:\/\/metaleutectic.com\/"},{"@type":"ListItem","position":2,"name":"Legal"}]},{"@type":"WebSite","@id":"https:\/\/metaleutectic.com\/#website","url":"https:\/\/metaleutectic.com\/","name":"Metal Eutectic","description":"Metal Eutectic","potentialAction":[{"@type":"SearchAction","target":{"@type":"EntryPoint","urlTemplate":"https:\/\/metaleutectic.com\/?s={search_term_string}"},"query-input":{"@type":"PropertyValueSpecification","valueRequired":true,"valueName":"search_term_string"}}],"inLanguage":"en-US"}]}},"jetpack_sharing_enabled":true,"_links":{"self":[{"href":"https:\/\/metaleutectic.com\/en\/wp-json\/wp\/v2\/pages\/192","targetHints":{"allow":["GET"]}}],"collection":[{"href":"https:\/\/metaleutectic.com\/en\/wp-json\/wp\/v2\/pages"}],"about":[{"href":"https:\/\/metaleutectic.com\/en\/wp-json\/wp\/v2\/types\/page"}],"author":[{"embeddable":true,"href":"https:\/\/metaleutectic.com\/en\/wp-json\/wp\/v2\/users\/1"}],"replies":[{"embeddable":true,"href":"https:\/\/metaleutectic.com\/en\/wp-json\/wp\/v2\/comments?post=192"}],"version-history":[{"count":10,"href":"https:\/\/metaleutectic.com\/en\/wp-json\/wp\/v2\/pages\/192\/revisions"}],"predecessor-version":[{"id":559,"href":"https:\/\/metaleutectic.com\/en\/wp-json\/wp\/v2\/pages\/192\/revisions\/559"}],"wp:attachment":[{"href":"https:\/\/metaleutectic.com\/en\/wp-json\/wp\/v2\/media?parent=192"}],"curies":[{"name":"wp","href":"https:\/\/api.w.org\/{rel}","templated":true}]}}