{"id":9,"date":"2023-04-01T16:30:37","date_gmt":"2023-04-01T16:30:37","guid":{"rendered":"https:\/\/metaleutectic.com\/?page_id=9"},"modified":"2023-07-09T02:21:50","modified_gmt":"2023-07-09T02:21:50","slug":"nuestra-empresa","status":"publish","type":"page","link":"https:\/\/metaleutectic.com\/en\/nuestra-empresa\/","title":{"rendered":"Our company"},"content":{"rendered":"<p>[et_pb_section fb_built=&#8221;1&#8243; _builder_version=&#8221;4.20.2&#8243; _module_preset=&#8221;default&#8221; custom_margin=&#8221;0px||0px||false|false&#8221; custom_padding=&#8221;0px||0px||false|false&#8221; global_colors_info=&#8221;{}&#8221;][et_pb_row use_custom_gutter=&#8221;on&#8221; gutter_width=&#8221;1&#8243; _builder_version=&#8221;4.20.2&#8243; _module_preset=&#8221;default&#8221; width=&#8221;100%&#8221; max_width=&#8221;100%&#8221; min_height=&#8221;398px&#8221; height=&#8221;448px&#8221; max_height=&#8221;398px&#8221; custom_padding=&#8221;0px||||false|false&#8221; global_colors_info=&#8221;{}&#8221;][et_pb_column type=&#8221;4_4&#8243; _builder_version=&#8221;4.20.2&#8243; _module_preset=&#8221;default&#8221; global_colors_info=&#8221;{}&#8221;][et_pb_slider _builder_version=&#8221;4.20.2&#8243; _module_preset=&#8221;default&#8221; custom_padding=&#8221;179px||171px|||&#8221; global_colors_info=&#8221;{}&#8221;][et_pb_slide heading=&#8221;NUESTRA EMPRESA&#8221; use_bg_overlay=&#8221;on&#8221; bg_overlay_color=&#8221;rgba(0,0,0,0.51)&#8221; _builder_version=&#8221;4.20.2&#8243; _module_preset=&#8221;default&#8221; background_enable_color=&#8221;off&#8221; background_image=&#8221;https:\/\/metaleutectic.com\/wp-content\/uploads\/2023\/04\/Metal-Eutectic-Banner_02.png&#8221; background_enable_image=&#8221;on&#8221; global_colors_info=&#8221;{}&#8221; sticky_transition=&#8221;on&#8221;][\/et_pb_slide][\/et_pb_slider][\/et_pb_column][\/et_pb_row][\/et_pb_section][et_pb_section fb_built=&#8221;1&#8243; _builder_version=&#8221;4.20.2&#8243; _module_preset=&#8221;default&#8221; custom_padding=&#8221;100px||||false|false&#8221; global_colors_info=&#8221;{}&#8221;][et_pb_row column_structure=&#8221;3_5,2_5&#8243; _builder_version=&#8221;4.20.2&#8243; _module_preset=&#8221;default&#8221; custom_padding=&#8221;0px||||false|false&#8221; global_colors_info=&#8221;{}&#8221;][et_pb_column type=&#8221;3_5&#8243; _builder_version=&#8221;4.20.2&#8243; _module_preset=&#8221;default&#8221; global_colors_info=&#8221;{}&#8221;][et_pb_accordion open_toggle_text_color=&#8221;#0C71C3&#8243; toggle_icon=&#8221;&#x47;||divi||400&#8243; _builder_version=&#8221;4.20.2&#8243; _module_preset=&#8221;default&#8221; toggle_level=&#8221;h3&#8243; toggle_font=&#8221;|700|||||||&#8221; custom_margin=&#8221;||||false|false&#8221; custom_padding=&#8221;||||false|false&#8221; border_radii=&#8221;on|20px|20px|20px|20px&#8221; global_colors_info=&#8221;{}&#8221;][et_pb_accordion_item title=&#8221;Historia&#8221; open=&#8221;on&#8221; _builder_version=&#8221;4.20.2&#8243; _module_preset=&#8221;default&#8221; global_colors_info=&#8221;{}&#8221;]<\/p>\n<p><span> Metal Eutectic is 100% Mexican company, and  started its operations on Monday, October 12th in 1982 in Santa Clara, Ecatepec, Cd. de M\u00e9xico.  The company was named  \u201cRecuperaciones Industriales\u201d at that time.  The principal activity of the company was fabrication and recycling of  aluminum alloys for automotive and  electrodomestics sectors,  handcrafts market and others. <\/span><\/p>\n<p><span>In 1990, the company started to move its operations to Cd. de Chihuahua.  On March 3rd, 1992, we started the operation in Cd. de Chihuahua.<\/span><\/p>\n<p><span>On August 12th in 1993, the company changed its name to \u201cMetal Eutectic S.A\u201d. <\/span><\/p>\n<p><span>In 2009, we started fabrication and recycling of magnesium alloy for automotive sector, fabricating master alloys of  aluminum and magnesium.<\/span><\/p>\n<p>[\/et_pb_accordion_item][et_pb_accordion_item title=&#8221;Pol\u00edtica&#8221; _builder_version=&#8221;4.20.2&#8243; _module_preset=&#8221;default&#8221; global_colors_info=&#8221;{}&#8221; open=&#8221;off&#8221;]<\/p>\n<p><span>\u201c We fabricate and recycle Non-ferrous alloy, \nwe are commited to meetign the requirements of our intrested parties, \nand we establish the quality goals to always seek  the continual improvement \u201d<\/span><\/p>\n<p>[\/et_pb_accordion_item][et_pb_accordion_item title=&#8221;Misi\u00f3n&#8221; _builder_version=&#8221;4.20.2&#8243; _module_preset=&#8221;default&#8221; global_colors_info=&#8221;{}&#8221; open=&#8221;off&#8221;]<\/p>\n<p><span>Provide solutions, by means of our service to fabricate and recycle Non-ferrous alloys, that support the strategies of our customers, through the commitment and experience of our work team. <\/span><\/p>\n<p>[\/et_pb_accordion_item][et_pb_accordion_item title=&#8221;Visi\u00f3n&#8221; _builder_version=&#8221;4.20.2&#8243; _module_preset=&#8221;default&#8221; global_colors_info=&#8221;{}&#8221; open=&#8221;off&#8221;]<\/p>\n<p><span>Create a new organizational culture that converts us into one of the best places to work, maintaining  a constant growth. <\/span><\/p>\n<p>[\/et_pb_accordion_item][et_pb_accordion_item title=&#8221;Valores&#8221; _builder_version=&#8221;4.20.2&#8243; _module_preset=&#8221;default&#8221; global_colors_info=&#8221;{}&#8221; open=&#8221;off&#8221;]<\/p>\n<ul>\n<li>Commitment<\/li>\n<li>Confidence<\/li>\n<li>Customer Service<\/li>\n<\/ul>\n<p>[\/et_pb_accordion_item][\/et_pb_accordion][\/et_pb_column][et_pb_column type=&#8221;2_5&#8243; _builder_version=&#8221;4.20.2&#8243; _module_preset=&#8221;default&#8221; global_colors_info=&#8221;{}&#8221;][et_pb_image src=&#8221;https:\/\/metaleutectic.com\/wp-content\/uploads\/2023\/04\/Logo-Metal-Eutectic.png&#8221; title_text=&#8221;Logo Metal Eutectic&#8221; align=&#8221;center&#8221; _builder_version=&#8221;4.20.2&#8243; _module_preset=&#8221;default&#8221; width=&#8221;100px&#8221; max_width=&#8221;100px&#8221; module_alignment=&#8221;center&#8221; min_height=&#8221;100px&#8221; height=&#8221;100px&#8221; max_height=&#8221;100px&#8221; global_colors_info=&#8221;{}&#8221; disabled_on=&#8221;on|on|off&#8221;][\/et_pb_image][et_pb_blurb title=&#8221;Tel\u00e9fonos&#8221; use_icon=&#8221;on&#8221; font_icon=&#8221;&#xf879;||fa||900&#8243; icon_color=&#8221;#FFFFFF&#8221; icon_placement=&#8221;left&#8221; _builder_version=&#8221;4.20.2&#8243; _module_preset=&#8221;default&#8221; header_text_color=&#8221;#FFFFFF&#8221; header_font_size=&#8221;33px&#8221; body_text_color=&#8221;#FFFFFF&#8221; body_font_size=&#8221;23px&#8221; background_color=&#8221;#072655&#8243; custom_padding=&#8221;30px|30px|30px|30px|false|false&#8221; border_radii=&#8221;on|20px|20px|20px|20px&#8221; global_colors_info=&#8221;{}&#8221; disabled_on=&#8221;on|on|off&#8221;]<span style=\"font-weight: 400;\"><\/span><\/p>\n<p><span style=\"font-weight: 400;\"><a class=\"tres\" href=\"tel:(614)202010300\">(614) 201 0300<\/a>\u00a0<\/span><\/p>\n<p><a class=\"tres\" href=\"tel:(614)202010498\"><span style=\"font-weight: 400;\">(614) 201 0498<\/span><\/a><\/p>\n<p><a class=\"tres\" href=\"tel:(614)204351780\"><span style=\"font-weight: 400;\">(614) 435 1780<\/span><\/a>[\/et_pb_blurb][et_pb_blurb title=&#8221;\u00c1rea de contrataci\u00f3n&#8221; use_icon=&#8221;on&#8221; font_icon=&#8221;&#xf007;||fa||900&#8243; icon_color=&#8221;#0C71C3&#8243; icon_placement=&#8221;left&#8221; _builder_version=&#8221;4.20.2&#8243; _module_preset=&#8221;default&#8221; custom_padding=&#8221;|||30px|false|false&#8221; global_colors_info=&#8221;{}&#8221; disabled_on=&#8221;on|on|off&#8221;]<span style=\"font-weight: 400;\">Tel \/ Whatsapp: <a  href=\"https:\/\/wa.me\/+526145992096\">(614) 599 2096<\/a><\/span><\/p>\n<p><span style=\"font-weight: 400;\">E-mail<br \/>\n<a  href=\"mailto:contrataciones@metaleutectic.com\">contrataciones@metaleutectic.com<\/a><\/span>[\/et_pb_blurb][et_pb_blurb title=&#8221;\u00c1rea de compras&#8221; use_icon=&#8221;on&#8221; font_icon=&#8221;&#xf2b5;||fa||400&#8243; icon_color=&#8221;#0C71C3&#8243; icon_placement=&#8221;left&#8221; _builder_version=&#8221;4.20.2&#8243; _module_preset=&#8221;default&#8221; custom_padding=&#8221;|||30px|false|false&#8221; global_colors_info=&#8221;{}&#8221; disabled_on=&#8221;on|on|off&#8221;]<span style=\"font-weight: 400;\">E-mail<br \/>\n<a  href=\"mailto:compras@metaleutectic.com\">compras@metaleutectic.com<\/a><\/span>[\/et_pb_blurb][et_pb_blurb title=&#8221;\u00c1rea de ventas&#8221; use_icon=&#8221;on&#8221; font_icon=&#8221;&#xf14a;||fa||900&#8243; icon_color=&#8221;#0C71C3&#8243; icon_placement=&#8221;left&#8221; _builder_version=&#8221;4.20.2&#8243; _module_preset=&#8221;default&#8221; custom_padding=&#8221;|||30px|false|false&#8221; global_colors_info=&#8221;{}&#8221; disabled_on=&#8221;on|on|off&#8221;]<span style=\"font-weight: 400;\">E-mail<br \/>\n<a href=\"mailto:ventas@metaleutectic.com\">ventas@metaleutectic.com<\/a><\/span>[\/et_pb_blurb][\/et_pb_column][\/et_pb_row][\/et_pb_section]<\/p>","protected":false},"excerpt":{"rendered":"<p>Nuestra empresa 100% mexicana dio inicio a sus operaciones un lunes 12 de octubre de 1982 en Santa Clara, Ecatepec, Cd. de M\u00e9xico, con el nombre de \u201cRecuperaciones Industriales\u201d. Su principal actividad fue la fabricaci\u00f3n y reciclado de aleaciones de aluminio para el sector Automotriz, Electrodom\u00e9sticos, Artesanal, entre otros. En el a\u00f1o 1990, la empresa [&hellip;]<\/p>","protected":false},"author":1,"featured_media":0,"parent":0,"menu_order":0,"comment_status":"closed","ping_status":"closed","template":"","meta":{"_et_pb_use_builder":"on","_et_pb_old_content":"<!-- wp:divi\/placeholder \/-->","_et_gb_content_width":"","om_disable_all_campaigns":false,"_monsterinsights_skip_tracking":false,"_monsterinsights_sitenote_active":false,"_monsterinsights_sitenote_note":"","_monsterinsights_sitenote_category":0,"_joinchat":[],"footnotes":""},"class_list":["post-9","page","type-page","status-publish","hentry"],"yoast_head":"<!-- This site is optimized with the Yoast SEO plugin v27.4 - https:\/\/yoast.com\/product\/yoast-seo-wordpress\/ -->\n<title>Nuestra empresa - Metal Eutectic<\/title>\n<meta name=\"robots\" content=\"index, follow, max-snippet:-1, max-image-preview:large, max-video-preview:-1\" \/>\n<link rel=\"canonical\" href=\"https:\/\/metaleutectic.com\/en\/nuestra-empresa\/\" \/>\n<meta property=\"og:locale\" content=\"en_US\" \/>\n<meta property=\"og:type\" content=\"article\" \/>\n<meta property=\"og:title\" content=\"Nuestra empresa - Metal Eutectic\" \/>\n<meta property=\"og:description\" content=\"Nuestra empresa 100% mexicana dio inicio a sus operaciones un lunes 12 de octubre de 1982 en Santa Clara, Ecatepec, Cd. de M\u00e9xico, con el nombre de \u201cRecuperaciones Industriales\u201d. Su principal actividad fue la fabricaci\u00f3n y reciclado de aleaciones de aluminio para el sector Automotriz, Electrodom\u00e9sticos, Artesanal, entre otros. En el a\u00f1o 1990, la empresa [&hellip;]\" \/>\n<meta property=\"og:url\" content=\"https:\/\/metaleutectic.com\/en\/nuestra-empresa\/\" \/>\n<meta property=\"og:site_name\" content=\"Metal Eutectic\" \/>\n<meta property=\"article:modified_time\" content=\"2023-07-09T02:21:50+00:00\" \/>\n<meta name=\"twitter:card\" content=\"summary_large_image\" \/>\n<script type=\"application\/ld+json\" class=\"yoast-schema-graph\">{\"@context\":\"https:\\\/\\\/schema.org\",\"@graph\":[{\"@type\":\"WebPage\",\"@id\":\"https:\\\/\\\/metaleutectic.com\\\/nuestra-empresa\\\/\",\"url\":\"https:\\\/\\\/metaleutectic.com\\\/nuestra-empresa\\\/\",\"name\":\"Nuestra empresa - Metal Eutectic\",\"isPartOf\":{\"@id\":\"https:\\\/\\\/metaleutectic.com\\\/#website\"},\"datePublished\":\"2023-04-01T16:30:37+00:00\",\"dateModified\":\"2023-07-09T02:21:50+00:00\",\"breadcrumb\":{\"@id\":\"https:\\\/\\\/metaleutectic.com\\\/nuestra-empresa\\\/#breadcrumb\"},\"inLanguage\":\"en-US\",\"potentialAction\":[{\"@type\":\"ReadAction\",\"target\":[\"https:\\\/\\\/metaleutectic.com\\\/nuestra-empresa\\\/\"]}]},{\"@type\":\"BreadcrumbList\",\"@id\":\"https:\\\/\\\/metaleutectic.com\\\/nuestra-empresa\\\/#breadcrumb\",\"itemListElement\":[{\"@type\":\"ListItem\",\"position\":1,\"name\":\"Home\",\"item\":\"https:\\\/\\\/metaleutectic.com\\\/\"},{\"@type\":\"ListItem\",\"position\":2,\"name\":\"Nuestra empresa\"}]},{\"@type\":\"WebSite\",\"@id\":\"https:\\\/\\\/metaleutectic.com\\\/#website\",\"url\":\"https:\\\/\\\/metaleutectic.com\\\/\",\"name\":\"Metal Eutectic\",\"description\":\"Metal Eutectic\",\"potentialAction\":[{\"@type\":\"SearchAction\",\"target\":{\"@type\":\"EntryPoint\",\"urlTemplate\":\"https:\\\/\\\/metaleutectic.com\\\/?s={search_term_string}\"},\"query-input\":{\"@type\":\"PropertyValueSpecification\",\"valueRequired\":true,\"valueName\":\"search_term_string\"}}],\"inLanguage\":\"en-US\"}]}<\/script>\n<!-- \/ Yoast SEO plugin. -->","yoast_head_json":{"title":"Nuestra empresa - Metal Eutectic","robots":{"index":"index","follow":"follow","max-snippet":"max-snippet:-1","max-image-preview":"max-image-preview:large","max-video-preview":"max-video-preview:-1"},"canonical":"https:\/\/metaleutectic.com\/en\/nuestra-empresa\/","og_locale":"en_US","og_type":"article","og_title":"Nuestra empresa - Metal Eutectic","og_description":"Nuestra empresa 100% mexicana dio inicio a sus operaciones un lunes 12 de octubre de 1982 en Santa Clara, Ecatepec, Cd. de M\u00e9xico, con el nombre de \u201cRecuperaciones Industriales\u201d. Su principal actividad fue la fabricaci\u00f3n y reciclado de aleaciones de aluminio para el sector Automotriz, Electrodom\u00e9sticos, Artesanal, entre otros. En el a\u00f1o 1990, la empresa [&hellip;]","og_url":"https:\/\/metaleutectic.com\/en\/nuestra-empresa\/","og_site_name":"Metal Eutectic","article_modified_time":"2023-07-09T02:21:50+00:00","twitter_card":"summary_large_image","schema":{"@context":"https:\/\/schema.org","@graph":[{"@type":"WebPage","@id":"https:\/\/metaleutectic.com\/nuestra-empresa\/","url":"https:\/\/metaleutectic.com\/nuestra-empresa\/","name":"Nuestra empresa - Metal Eutectic","isPartOf":{"@id":"https:\/\/metaleutectic.com\/#website"},"datePublished":"2023-04-01T16:30:37+00:00","dateModified":"2023-07-09T02:21:50+00:00","breadcrumb":{"@id":"https:\/\/metaleutectic.com\/nuestra-empresa\/#breadcrumb"},"inLanguage":"en-US","potentialAction":[{"@type":"ReadAction","target":["https:\/\/metaleutectic.com\/nuestra-empresa\/"]}]},{"@type":"BreadcrumbList","@id":"https:\/\/metaleutectic.com\/nuestra-empresa\/#breadcrumb","itemListElement":[{"@type":"ListItem","position":1,"name":"Home","item":"https:\/\/metaleutectic.com\/"},{"@type":"ListItem","position":2,"name":"Nuestra empresa"}]},{"@type":"WebSite","@id":"https:\/\/metaleutectic.com\/#website","url":"https:\/\/metaleutectic.com\/","name":"Metal Eutectic","description":"Metal Eutectic","potentialAction":[{"@type":"SearchAction","target":{"@type":"EntryPoint","urlTemplate":"https:\/\/metaleutectic.com\/?s={search_term_string}"},"query-input":{"@type":"PropertyValueSpecification","valueRequired":true,"valueName":"search_term_string"}}],"inLanguage":"en-US"}]}},"jetpack_sharing_enabled":true,"_links":{"self":[{"href":"https:\/\/metaleutectic.com\/en\/wp-json\/wp\/v2\/pages\/9","targetHints":{"allow":["GET"]}}],"collection":[{"href":"https:\/\/metaleutectic.com\/en\/wp-json\/wp\/v2\/pages"}],"about":[{"href":"https:\/\/metaleutectic.com\/en\/wp-json\/wp\/v2\/types\/page"}],"author":[{"embeddable":true,"href":"https:\/\/metaleutectic.com\/en\/wp-json\/wp\/v2\/users\/1"}],"replies":[{"embeddable":true,"href":"https:\/\/metaleutectic.com\/en\/wp-json\/wp\/v2\/comments?post=9"}],"version-history":[{"count":20,"href":"https:\/\/metaleutectic.com\/en\/wp-json\/wp\/v2\/pages\/9\/revisions"}],"predecessor-version":[{"id":561,"href":"https:\/\/metaleutectic.com\/en\/wp-json\/wp\/v2\/pages\/9\/revisions\/561"}],"wp:attachment":[{"href":"https:\/\/metaleutectic.com\/en\/wp-json\/wp\/v2\/media?parent=9"}],"curies":[{"name":"wp","href":"https:\/\/api.w.org\/{rel}","templated":true}]}}